{"id":33,"date":"2017-06-05T22:53:33","date_gmt":"2017-06-05T22:53:33","guid":{"rendered":"http:\/\/www.bravopropiedades.cl\/?page_id=33"},"modified":"2017-06-09T13:46:17","modified_gmt":"2017-06-09T13:46:17","slug":"quienes-somos-2","status":"publish","type":"page","link":"https:\/\/www.bravopropiedades.cl\/?page_id=33","title":{"rendered":"Quienes Somos"},"content":{"rendered":"<p style=\"text-align: justify;\"><span style=\"color: #000000;\">&nbsp;<\/span><\/p>\n<p style=\"text-align: justify;\"><span style=\"font-family: verdana, geneva; color: #000000;\"><img loading=\"lazy\" class=\"alignnone size-full wp-image-98\" src=\"http:\/\/www.bravopropiedades.cl\/wp-content\/uploads\/2017\/06\/quienes_imagen.png\" alt=\"quienes_imagen\" width=\"680\" height=\"174\" srcset=\"https:\/\/www.bravopropiedades.cl\/wp-content\/uploads\/2017\/06\/quienes_imagen.png 680w, https:\/\/www.bravopropiedades.cl\/wp-content\/uploads\/2017\/06\/quienes_imagen-300x76.png 300w\" sizes=\"(max-width: 680px) 100vw, 680px\" \/><\/span><\/p>\n<p style=\"text-align: justify;\"><span style=\"font-family: verdana, geneva; color: #000000;\"><strong><span style=\"font-size: 14pt;\">Hemos reunido la potencia de nuestros equipos&nbsp;<\/span><span style=\"font-size: 14pt;\">con la red extendida de contactos. Nuestros puntos fuertes&nbsp;<\/span><span style=\"font-size: 14pt;\">son la amplia formaci\u00f3n de nuestros asociados, l<\/span><span style=\"font-size: 14pt;\">a actualizaci\u00f3n permanente del conocimiento&nbsp;<\/span><span style=\"font-size: 14pt;\">adquirido, as\u00ed como el continuo traspaso de&nbsp;<\/span><span style=\"font-size: 14pt;\">informaci\u00f3n dentro de la empresa.<\/span><\/strong><\/span><\/p>\n<p style=\"text-align: justify;\"><span style=\"font-family: verdana, geneva; font-size: 14pt; color: #000000;\">Tenemos una amplia gama de profesionales: ingenieros, arquitectos, constructores y abogados sumados a un grupo ejecutivo y administrativo. En conjunto, ellos est\u00e1n para entregarle un servicio integral si quiere comprar, vender o invertir en una propiedad. Adem\u00e1s ofrecemos todo tipo de asesor\u00edas legales, tributarias y de inversiones para que su proyecto se concrete en forma r\u00e1pida, segura y rentable.<\/span><\/p>\n<p style=\"text-align: justify;\"><span style=\"font-family: verdana, geneva; font-size: 14pt; color: #000000;\">Hemos reunido la potencia de nuestros equipos con la red extendida de contactos. Nuestros puntos fuertes son la amplia formaci\u00f3n de nuestros asociados, la actualizaci\u00f3n permanente del conocimiento adquirido, as\u00ed como el continuo traspaso de informaci\u00f3n dentro de la empresa. Nuestra oferta es amplia y de alto nivel: compra o venta, inversi\u00f3n o desarrollo de proyectos, adquisici\u00f3n de terrenos o de inmuebles comerciales, rehabilitaci\u00f3n u obra nueva, apartamentos, villas o residencias vacacionales, etc.<\/span><\/p>\n<p style=\"text-align: justify;\"><span style=\"font-family: verdana, geneva; color: #000000;\"><strong><span style=\"font-size: 14pt;\">Objetivos<\/span><\/strong><\/span><\/p>\n<p style=\"text-align: justify;\"><span style=\"font-family: verdana, geneva; color: #000000;\"><strong><span style=\"font-size: 14pt;\">Hacia nuestros compradores:<\/span><\/strong><\/span><\/p>\n<p style=\"text-align: justify;\"><span style=\"font-family: verdana, geneva; font-size: 14pt; color: #000000;\">Entregar un servicio de calidad, oportuno, profesional en las \u00e1reas: legal, comercial y construcci\u00f3n. Gestionar confidencialmente oportunidades de negocio para empresas del sector inmobiliario o de cualquier industria; que as\u00ed lo requiera<\/span><\/p>\n<p style=\"text-align: justify;\"><span style=\"font-family: verdana, geneva; color: #000000;\"><strong><span style=\"font-size: 14pt;\">Hacia nuestros inversionistas:<\/span><\/strong><\/span><\/p>\n<p style=\"text-align: justify;\"><span style=\"font-family: verdana, geneva; font-size: 14pt; color: #000000;\">Obtener rentabilidades anuales entre un 50% a 80% de rentabilidad real obtenida.<\/span><\/p>\n<p style=\"text-align: justify;\"><span style=\"font-family: verdana, geneva; color: #000000;\"><strong><span style=\"font-size: 14pt;\">Hacia nuestros vendedores:<\/span><\/strong><\/span><\/p>\n<p style=\"text-align: justify;\"><span style=\"font-family: verdana, geneva; font-size: 14pt; color: #000000;\">Al optar por nuestra empresa para la venta de su propiedad usted se asegura de obtener un excelente equipo de ventas que seleccionara a los prospectos adem\u00e1s de precalificarlos para cerciorarnos que quien visita su propiedad est\u00e1 realmente interesado y se identifica, como tal.<\/span><\/p>\n<p><span style=\"font-family: arial, helvetica, sans-serif; font-size: 14pt; color: #000000;\">&nbsp;<\/span><\/p>\n","protected":false},"excerpt":{"rendered":"<p>&nbsp; Hemos reunido la potencia de nuestros equipos&nbsp;con la red extendida de contactos. Nuestros puntos fuertes&nbsp;son la amplia formaci\u00f3n de nuestros asociados, la actualizaci\u00f3n permanente del conocimiento&nbsp;adquirido, as\u00ed como el continuo traspaso de&nbsp;informaci\u00f3n dentro de la empresa. Tenemos una amplia gama de profesionales: ingenieros, arquitectos, constructores y abogados sumados a\u2026<\/p>\n<p class=\"continue-reading-button\"> <a class=\"continue-reading-link\" href=\"https:\/\/www.bravopropiedades.cl\/?page_id=33\">Continua Leyendo<i class=\"crycon-right-dir\"><\/i><\/a><\/p>\n","protected":false},"author":1,"featured_media":0,"parent":0,"menu_order":1,"comment_status":"closed","ping_status":"closed","template":"","meta":[],"_links":{"self":[{"href":"https:\/\/www.bravopropiedades.cl\/index.php?rest_route=\/wp\/v2\/pages\/33"}],"collection":[{"href":"https:\/\/www.bravopropiedades.cl\/index.php?rest_route=\/wp\/v2\/pages"}],"about":[{"href":"https:\/\/www.bravopropiedades.cl\/index.php?rest_route=\/wp\/v2\/types\/page"}],"author":[{"embeddable":true,"href":"https:\/\/www.bravopropiedades.cl\/index.php?rest_route=\/wp\/v2\/users\/1"}],"replies":[{"embeddable":true,"href":"https:\/\/www.bravopropiedades.cl\/index.php?rest_route=%2Fwp%2Fv2%2Fcomments&post=33"}],"version-history":[{"count":12,"href":"https:\/\/www.bravopropiedades.cl\/index.php?rest_route=\/wp\/v2\/pages\/33\/revisions"}],"predecessor-version":[{"id":134,"href":"https:\/\/www.bravopropiedades.cl\/index.php?rest_route=\/wp\/v2\/pages\/33\/revisions\/134"}],"wp:attachment":[{"href":"https:\/\/www.bravopropiedades.cl\/index.php?rest_route=%2Fwp%2Fv2%2Fmedia&parent=33"}],"curies":[{"name":"wp","href":"https:\/\/api.w.org\/{rel}","templated":true}]}}